{"id":8,"date":"2020-12-11T06:14:41","date_gmt":"2020-12-11T05:14:41","guid":{"rendered":"http:\/\/kurs.logopeda-24.pl\/?page_id=8"},"modified":"2020-12-11T06:14:41","modified_gmt":"2020-12-11T05:14:41","slug":"zamowienie","status":"publish","type":"page","link":"https:\/\/kurs.logopeda-24.pl\/?page_id=8","title":{"rendered":"Zam\u00f3wienie"},"content":{"rendered":"<div class=\"row\"><div class=\"col-sm-8 content_koszyk\"><div id=\"edd_checkout_wrap\"><div id=\"edd_checkout_form_wrap\"><span class=\"edd_empty_cart\">Tw\u00f3j koszyk jest pusty.<\/span><\/div><\/div><!--end #edd_checkout_wrap--><\/div>\n\t<div class=\"col-sm-4 koszyk_right\"><div class=\"tytul_ikona\">\n\t\t\t<img decoding=\"async\" src=\"https:\/\/kurs.logopeda-24.pl\/wp-content\/plugins\/wp-idea\/templates\/scarlet\/assets\/img\/gwiazda check.png\"  style=\"height:20px;\"> Gwarancja satysfakcji\n\t\t<\/div>\n\t\t<div class=\"zwykly_tekst\"><h5 class=\"w-iconbox-title\" style=\"box-sizing: border-box; font-family: Rubik, sans-serif; line-height: 1.4; padding: 0.5em 0px; font-size: 1.2rem; color: #465354; transition: color 0.3s ease 0s; text-align: left; margin: 20px !important 0px !important 0px 0px !important;\"><span style=\"color: #343e47; font-family: Lato; font-size: 16px; font-weight: 300; text-align: start;\">Organizuj\u0105c szkolenia, warsztaty i kursy zawsze staramy si\u0119 zapewni\u0107 najwy\u017cszy poziom realizowanego szkolenia, pami\u0119tamy o naszych priorytetach i dok\u0142adamy wszelkich stara\u0144, aby szkolenia spe\u0142nia\u0142y Pa\u0144stwa oczekiwania i towarzyszy\u0142a im gwarancja zadowolenia. Jest wa\u017cne dla nas, aby wszystkie osoby bior\u0105ce udzia\u0142 w szkoleniach, mia\u0142y poczucie satysfakcji korzystaj\u0105c z naszych us\u0142ug.<\/span><\/h5>\n\t\t<\/div><div class=\"tytul_ikona\">\n\t\t\t<img decoding=\"async\" src=\"https:\/\/kurs.logopeda-24.pl\/wp-content\/plugins\/wp-idea\/templates\/scarlet\/assets\/img\/tarcza.png\"  style=\"height:20px;\"> Bezpieczne po\u0142\u0105czenie\n\t\t<\/div>\n\t\t<div class=\"zwykly_tekst\"><p><span style=\"color: #50596c; font-family: AktivGrotesk;\">Tpay przyk\u0142ada ogromn\u0105 wag\u0119 do kwestii zachowania prywatno\u015bci swoich Klient\u00f3w. Krajowy Integrator P\u0142atno\u015bci S.A. jako administrator danych, dba o bezpiecze\u0144stwo udost\u0119pnionych danych. Dane te s\u0105 szczeg\u00f3lnie chronione i zabezpieczone przed dost\u0119pem os\u00f3b nieupowa\u017cnionych. Tpay posiada spisan\u0105 odpowiedni\u0105 polityk\u0119 i procedury bezpiecze\u0144stwa przechowywania i dost\u0119pu do danych osobowych zgodn\u0105 z wymogami PUODO.<\/span><\/p>\n\t\t<\/div><div class=\"tytul_ikona\">\n\t\t\t<img decoding=\"async\" src=\"https:\/\/kurs.logopeda-24.pl\/wp-content\/plugins\/wp-idea\/templates\/scarlet\/assets\/img\/klodka2.png\"  style=\"height:20px;\"> Bezpieczne p\u0142atno\u015bci\n\t\t<\/div>\n\t\t<div class=\"platnosci\"><img decoding=\"async\" src=\"https:\/\/kurs.logopeda-24.pl\/wp-content\/plugins\/wp-idea\/templates\/scarlet\/assets\/img\/tpay.png\" \/><\/div><\/div>\t\n\t<\/div>\n","protected":false},"excerpt":{"rendered":"","protected":false},"author":1,"featured_media":0,"parent":0,"menu_order":0,"comment_status":"closed","ping_status":"closed","template":"","meta":{"footnotes":""},"class_list":["post-8","page","type-page","status-publish","hentry"],"_links":{"self":[{"href":"https:\/\/kurs.logopeda-24.pl\/index.php?rest_route=\/wp\/v2\/pages\/8","targetHints":{"allow":["GET"]}}],"collection":[{"href":"https:\/\/kurs.logopeda-24.pl\/index.php?rest_route=\/wp\/v2\/pages"}],"about":[{"href":"https:\/\/kurs.logopeda-24.pl\/index.php?rest_route=\/wp\/v2\/types\/page"}],"author":[{"embeddable":true,"href":"https:\/\/kurs.logopeda-24.pl\/index.php?rest_route=\/wp\/v2\/users\/1"}],"replies":[{"embeddable":true,"href":"https:\/\/kurs.logopeda-24.pl\/index.php?rest_route=%2Fwp%2Fv2%2Fcomments&post=8"}],"version-history":[{"count":1,"href":"https:\/\/kurs.logopeda-24.pl\/index.php?rest_route=\/wp\/v2\/pages\/8\/revisions"}],"predecessor-version":[{"id":12,"href":"https:\/\/kurs.logopeda-24.pl\/index.php?rest_route=\/wp\/v2\/pages\/8\/revisions\/12"}],"wp:attachment":[{"href":"https:\/\/kurs.logopeda-24.pl\/index.php?rest_route=%2Fwp%2Fv2%2Fmedia&parent=8"}],"curies":[{"name":"wp","href":"https:\/\/api.w.org\/{rel}","templated":true}]}}